{"id":15019,"date":"2024-08-12T10:29:52","date_gmt":"2024-08-12T10:29:52","guid":{"rendered":"https:\/\/my-private-view.com\/page-daccueil-2\/"},"modified":"2024-08-12T10:35:45","modified_gmt":"2024-08-12T10:35:45","slug":"page-daccueil-2","status":"publish","type":"page","link":"https:\/\/my-private-view.com\/fr\/","title":{"rendered":"Page d&rsquo;accueil"},"content":{"rendered":"\t\t<div data-elementor-type=\"wp-page\" data-elementor-id=\"15019\" class=\"elementor elementor-15019 elementor-15003\" data-elementor-post-type=\"page\">\n\t\t\t\t\t\t<section class=\"elementor-section elementor-top-section elementor-element elementor-element-7775676 elementor-section-height-min-height elementor-section-boxed elementor-section-height-default elementor-section-items-middle\" data-id=\"7775676\" data-element_type=\"section\" data-settings=\"{&quot;background_background&quot;:&quot;classic&quot;}\">\n\t\t\t\t\t\t<div class=\"elementor-container elementor-column-gap-default\">\n\t\t\t\t\t<div class=\"elementor-column elementor-col-33 elementor-top-column elementor-element elementor-element-9cb90af\" data-id=\"9cb90af\" data-element_type=\"column\">\n\t\t\t<div class=\"elementor-widget-wrap\">\n\t\t\t\t\t\t\t<\/div>\n\t\t<\/div>\n\t\t\t\t<div class=\"elementor-column elementor-col-33 elementor-top-column elementor-element elementor-element-909706b\" data-id=\"909706b\" data-element_type=\"column\">\n\t\t\t<div class=\"elementor-widget-wrap elementor-element-populated\">\n\t\t\t\t\t\t<div class=\"elementor-element elementor-element-85d86c0 elementor-widget elementor-widget-image\" data-id=\"85d86c0\" data-element_type=\"widget\" data-widget_type=\"image.default\">\n\t\t\t\t<div class=\"elementor-widget-container\">\n\t\t\t\t\t\t\t\t\t\t\t\t\t\t\t<img fetchpriority=\"high\" decoding=\"async\" width=\"750\" height=\"750\" src=\"https:\/\/my-private-view.com\/wp-content\/uploads\/2024\/08\/S-Collection-Logo-1024x1024.jpg\" class=\"attachment-large size-large wp-image-15011\" alt=\"\" srcset=\"https:\/\/my-private-view.com\/wp-content\/uploads\/2024\/08\/S-Collection-Logo-1024x1024.jpg 1024w, https:\/\/my-private-view.com\/wp-content\/uploads\/2024\/08\/S-Collection-Logo-300x300.jpg 300w, https:\/\/my-private-view.com\/wp-content\/uploads\/2024\/08\/S-Collection-Logo-150x150.jpg 150w, https:\/\/my-private-view.com\/wp-content\/uploads\/2024\/08\/S-Collection-Logo-768x768.jpg 768w, https:\/\/my-private-view.com\/wp-content\/uploads\/2024\/08\/S-Collection-Logo-1536x1536.jpg 1536w, https:\/\/my-private-view.com\/wp-content\/uploads\/2024\/08\/S-Collection-Logo-2048x2048.jpg 2048w, https:\/\/my-private-view.com\/wp-content\/uploads\/2024\/08\/S-Collection-Logo-1568x1568.jpg 1568w\" sizes=\"(max-width: 750px) 100vw, 750px\" style=\"width:100%;height:100%;max-width:2560px\" \/>\t\t\t\t\t\t\t\t\t\t\t\t\t\t\t<\/div>\n\t\t\t\t<\/div>\n\t\t\t\t\t<\/div>\n\t\t<\/div>\n\t\t\t\t<div class=\"elementor-column elementor-col-33 elementor-top-column elementor-element elementor-element-e1bb231\" data-id=\"e1bb231\" data-element_type=\"column\">\n\t\t\t<div class=\"elementor-widget-wrap\">\n\t\t\t\t\t\t\t<\/div>\n\t\t<\/div>\n\t\t\t\t\t<\/div>\n\t\t<\/section>\n\t\t\t\t<\/div>\n\t\t","protected":false},"excerpt":{"rendered":"","protected":false},"author":2,"featured_media":4177,"parent":0,"menu_order":0,"comment_status":"closed","ping_status":"closed","template":"elementor_canvas","meta":{"_acf_changed":false,"footnotes":""},"class_list":["post-15019","page","type-page","status-publish","has-post-thumbnail","hentry","entry"],"acf":[],"yoast_head":"<!-- This site is optimized with the Yoast SEO plugin v24.5 - https:\/\/yoast.com\/wordpress\/plugins\/seo\/ -->\n<title>Vue priv\u00e9e<\/title>\n<meta name=\"description\" content=\"Contactez votre concierge ou votre courtier pr\u00e9f\u00e9r\u00e9 pour avoir acc\u00e8s \u00e0 l&#039;ultime style de vie luxueux.\" \/>\n<meta name=\"robots\" content=\"noindex, follow\" \/>\n<meta property=\"og:locale\" content=\"fr_FR\" \/>\n<meta property=\"og:type\" content=\"article\" \/>\n<meta property=\"og:title\" content=\"Vue priv\u00e9e\" \/>\n<meta property=\"og:description\" content=\"Contactez votre concierge ou votre courtier pr\u00e9f\u00e9r\u00e9 pour avoir acc\u00e8s \u00e0 l&#039;ultime style de vie luxueux.\" \/>\n<meta property=\"og:url\" content=\"https:\/\/my-private-view.com\/fr\/\" \/>\n<meta property=\"og:site_name\" content=\"My Private View\" \/>\n<meta property=\"article:modified_time\" content=\"2024-08-12T10:35:45+00:00\" \/>\n<meta property=\"og:image\" content=\"https:\/\/www.my-private-view.com\/wp-content\/uploads\/2022\/01\/luxe-vue-mer-jardin-villa-1536x1023-1.jpg\" \/>\n\t<meta property=\"og:image:width\" content=\"1536\" \/>\n\t<meta property=\"og:image:height\" content=\"1023\" \/>\n\t<meta property=\"og:image:type\" content=\"image\/jpeg\" \/>\n<meta name=\"twitter:card\" content=\"summary_large_image\" \/>\n<script type=\"application\/ld+json\" class=\"yoast-schema-graph\">{\"@context\":\"https:\/\/schema.org\",\"@graph\":[{\"@type\":\"WebPage\",\"@id\":\"https:\/\/my-private-view.com\/fr\/\",\"url\":\"https:\/\/my-private-view.com\/fr\/\",\"name\":\"Vue priv\u00e9e\",\"isPartOf\":{\"@id\":\"https:\/\/www.my-private-view.com\/fr\/#website\"},\"primaryImageOfPage\":{\"@id\":\"https:\/\/my-private-view.com\/fr\/#primaryimage\"},\"image\":{\"@id\":\"https:\/\/my-private-view.com\/fr\/#primaryimage\"},\"thumbnailUrl\":\"https:\/\/my-private-view.com\/wp-content\/uploads\/2022\/01\/luxe-vue-mer-jardin-villa-1536x1023-1.jpg\",\"datePublished\":\"2024-08-12T10:29:52+00:00\",\"dateModified\":\"2024-08-12T10:35:45+00:00\",\"description\":\"Contactez votre concierge ou votre courtier pr\u00e9f\u00e9r\u00e9 pour avoir acc\u00e8s \u00e0 l'ultime style de vie luxueux.\",\"breadcrumb\":{\"@id\":\"https:\/\/my-private-view.com\/fr\/#breadcrumb\"},\"inLanguage\":\"fr-FR\",\"potentialAction\":[{\"@type\":\"ReadAction\",\"target\":[\"https:\/\/my-private-view.com\/fr\/\"]}]},{\"@type\":\"ImageObject\",\"inLanguage\":\"fr-FR\",\"@id\":\"https:\/\/my-private-view.com\/fr\/#primaryimage\",\"url\":\"https:\/\/my-private-view.com\/wp-content\/uploads\/2022\/01\/luxe-vue-mer-jardin-villa-1536x1023-1.jpg\",\"contentUrl\":\"https:\/\/my-private-view.com\/wp-content\/uploads\/2022\/01\/luxe-vue-mer-jardin-villa-1536x1023-1.jpg\",\"width\":1536,\"height\":1023},{\"@type\":\"BreadcrumbList\",\"@id\":\"https:\/\/my-private-view.com\/fr\/#breadcrumb\",\"itemListElement\":[{\"@type\":\"ListItem\",\"position\":1,\"name\":\"Home\",\"item\":\"https:\/\/www.my-private-view.com\/fr\/\"},{\"@type\":\"ListItem\",\"position\":2,\"name\":\"Page d&rsquo;accueil\"}]},{\"@type\":\"WebSite\",\"@id\":\"https:\/\/www.my-private-view.com\/fr\/#website\",\"url\":\"https:\/\/www.my-private-view.com\/fr\/\",\"name\":\"My Private View\",\"description\":\"Luxury Lifestyle\",\"publisher\":{\"@id\":\"https:\/\/www.my-private-view.com\/fr\/#organization\"},\"potentialAction\":[{\"@type\":\"SearchAction\",\"target\":{\"@type\":\"EntryPoint\",\"urlTemplate\":\"https:\/\/www.my-private-view.com\/fr\/?s={search_term_string}\"},\"query-input\":{\"@type\":\"PropertyValueSpecification\",\"valueRequired\":true,\"valueName\":\"search_term_string\"}}],\"inLanguage\":\"fr-FR\"},{\"@type\":\"Organization\",\"@id\":\"https:\/\/www.my-private-view.com\/fr\/#organization\",\"name\":\"My Private View\",\"url\":\"https:\/\/www.my-private-view.com\/fr\/\",\"logo\":{\"@type\":\"ImageObject\",\"inLanguage\":\"fr-FR\",\"@id\":\"https:\/\/www.my-private-view.com\/fr\/#\/schema\/logo\/image\/\",\"url\":\"https:\/\/my-private-view.com\/wp-content\/uploads\/2022\/01\/Cannes-Villa-Logo.jpg\",\"contentUrl\":\"https:\/\/my-private-view.com\/wp-content\/uploads\/2022\/01\/Cannes-Villa-Logo.jpg\",\"width\":1704,\"height\":1704,\"caption\":\"My Private View\"},\"image\":{\"@id\":\"https:\/\/www.my-private-view.com\/fr\/#\/schema\/logo\/image\/\"}}]}<\/script>\n<!-- \/ Yoast SEO plugin. -->","yoast_head_json":{"title":"Vue priv\u00e9e","description":"Contactez votre concierge ou votre courtier pr\u00e9f\u00e9r\u00e9 pour avoir acc\u00e8s \u00e0 l'ultime style de vie luxueux.","robots":{"index":"noindex","follow":"follow"},"og_locale":"fr_FR","og_type":"article","og_title":"Vue priv\u00e9e","og_description":"Contactez votre concierge ou votre courtier pr\u00e9f\u00e9r\u00e9 pour avoir acc\u00e8s \u00e0 l'ultime style de vie luxueux.","og_url":"https:\/\/my-private-view.com\/fr\/","og_site_name":"My Private View","article_modified_time":"2024-08-12T10:35:45+00:00","og_image":[{"width":1536,"height":1023,"url":"https:\/\/www.my-private-view.com\/wp-content\/uploads\/2022\/01\/luxe-vue-mer-jardin-villa-1536x1023-1.jpg","type":"image\/jpeg"}],"twitter_card":"summary_large_image","schema":{"@context":"https:\/\/schema.org","@graph":[{"@type":"WebPage","@id":"https:\/\/my-private-view.com\/fr\/","url":"https:\/\/my-private-view.com\/fr\/","name":"Vue priv\u00e9e","isPartOf":{"@id":"https:\/\/www.my-private-view.com\/fr\/#website"},"primaryImageOfPage":{"@id":"https:\/\/my-private-view.com\/fr\/#primaryimage"},"image":{"@id":"https:\/\/my-private-view.com\/fr\/#primaryimage"},"thumbnailUrl":"https:\/\/my-private-view.com\/wp-content\/uploads\/2022\/01\/luxe-vue-mer-jardin-villa-1536x1023-1.jpg","datePublished":"2024-08-12T10:29:52+00:00","dateModified":"2024-08-12T10:35:45+00:00","description":"Contactez votre concierge ou votre courtier pr\u00e9f\u00e9r\u00e9 pour avoir acc\u00e8s \u00e0 l'ultime style de vie luxueux.","breadcrumb":{"@id":"https:\/\/my-private-view.com\/fr\/#breadcrumb"},"inLanguage":"fr-FR","potentialAction":[{"@type":"ReadAction","target":["https:\/\/my-private-view.com\/fr\/"]}]},{"@type":"ImageObject","inLanguage":"fr-FR","@id":"https:\/\/my-private-view.com\/fr\/#primaryimage","url":"https:\/\/my-private-view.com\/wp-content\/uploads\/2022\/01\/luxe-vue-mer-jardin-villa-1536x1023-1.jpg","contentUrl":"https:\/\/my-private-view.com\/wp-content\/uploads\/2022\/01\/luxe-vue-mer-jardin-villa-1536x1023-1.jpg","width":1536,"height":1023},{"@type":"BreadcrumbList","@id":"https:\/\/my-private-view.com\/fr\/#breadcrumb","itemListElement":[{"@type":"ListItem","position":1,"name":"Home","item":"https:\/\/www.my-private-view.com\/fr\/"},{"@type":"ListItem","position":2,"name":"Page d&rsquo;accueil"}]},{"@type":"WebSite","@id":"https:\/\/www.my-private-view.com\/fr\/#website","url":"https:\/\/www.my-private-view.com\/fr\/","name":"My Private View","description":"Luxury Lifestyle","publisher":{"@id":"https:\/\/www.my-private-view.com\/fr\/#organization"},"potentialAction":[{"@type":"SearchAction","target":{"@type":"EntryPoint","urlTemplate":"https:\/\/www.my-private-view.com\/fr\/?s={search_term_string}"},"query-input":{"@type":"PropertyValueSpecification","valueRequired":true,"valueName":"search_term_string"}}],"inLanguage":"fr-FR"},{"@type":"Organization","@id":"https:\/\/www.my-private-view.com\/fr\/#organization","name":"My Private View","url":"https:\/\/www.my-private-view.com\/fr\/","logo":{"@type":"ImageObject","inLanguage":"fr-FR","@id":"https:\/\/www.my-private-view.com\/fr\/#\/schema\/logo\/image\/","url":"https:\/\/my-private-view.com\/wp-content\/uploads\/2022\/01\/Cannes-Villa-Logo.jpg","contentUrl":"https:\/\/my-private-view.com\/wp-content\/uploads\/2022\/01\/Cannes-Villa-Logo.jpg","width":1704,"height":1704,"caption":"My Private View"},"image":{"@id":"https:\/\/www.my-private-view.com\/fr\/#\/schema\/logo\/image\/"}}]}},"distributor_meta":false,"distributor_terms":false,"distributor_media":false,"distributor_original_site_name":"My Private View","distributor_original_site_url":"https:\/\/my-private-view.com\/fr\/","push-errors":false,"_links":{"self":[{"href":"https:\/\/my-private-view.com\/fr\/wp-json\/wp\/v2\/pages\/15019","targetHints":{"allow":["GET"]}}],"collection":[{"href":"https:\/\/my-private-view.com\/fr\/wp-json\/wp\/v2\/pages"}],"about":[{"href":"https:\/\/my-private-view.com\/fr\/wp-json\/wp\/v2\/types\/page"}],"author":[{"embeddable":true,"href":"https:\/\/my-private-view.com\/fr\/wp-json\/wp\/v2\/users\/2"}],"replies":[{"embeddable":true,"href":"https:\/\/my-private-view.com\/fr\/wp-json\/wp\/v2\/comments?post=15019"}],"version-history":[{"count":3,"href":"https:\/\/my-private-view.com\/fr\/wp-json\/wp\/v2\/pages\/15019\/revisions"}],"predecessor-version":[{"id":15026,"href":"https:\/\/my-private-view.com\/fr\/wp-json\/wp\/v2\/pages\/15019\/revisions\/15026"}],"wp:featuredmedia":[{"embeddable":true,"href":"https:\/\/my-private-view.com\/fr\/wp-json\/wp\/v2\/media\/4177"}],"wp:attachment":[{"href":"https:\/\/my-private-view.com\/fr\/wp-json\/wp\/v2\/media?parent=15019"}],"curies":[{"name":"wp","href":"https:\/\/api.w.org\/{rel}","templated":true}]}}